{"id":3,"date":"2020-04-15T14:28:19","date_gmt":"2020-04-15T12:28:19","guid":{"rendered":"https:\/\/casagrazia.com\/?page_id=3"},"modified":"2020-06-30T20:28:51","modified_gmt":"2020-06-30T18:28:51","slug":"privacy-policy","status":"publish","type":"page","link":"https:\/\/casagrazia.com\/it\/privacy-policy\/","title":{"rendered":"Privacy Policy"},"content":{"rendered":"[vc_row type=&#8221;in_container&#8221; full_screen_row_position=&#8221;middle&#8221; column_margin=&#8221;default&#8221; scene_position=&#8221;center&#8221; text_color=&#8221;dark&#8221; text_align=&#8221;left&#8221; overlay_strength=&#8221;0.3&#8243; shape_divider_position=&#8221;bottom&#8221; bg_image_animation=&#8221;none&#8221;][vc_column column_padding=&#8221;no-extra-padding&#8221; column_padding_position=&#8221;all&#8221; background_color_opacity=&#8221;1&#8243; background_hover_color_opacity=&#8221;1&#8243; column_link_target=&#8221;_self&#8221; column_shadow=&#8221;none&#8221; column_border_radius=&#8221;none&#8221; width=&#8221;1\/6&#8243; tablet_width_inherit=&#8221;default&#8221; tablet_text_alignment=&#8221;default&#8221; phone_text_alignment=&#8221;default&#8221; overlay_strength=&#8221;0.3&#8243; column_border_width=&#8221;none&#8221; column_border_style=&#8221;solid&#8221; bg_image_animation=&#8221;none&#8221;][\/vc_column][vc_column column_padding=&#8221;no-extra-padding&#8221; column_padding_position=&#8221;all&#8221; background_color_opacity=&#8221;1&#8243; background_hover_color_opacity=&#8221;1&#8243; column_link_target=&#8221;_self&#8221; column_shadow=&#8221;none&#8221; column_border_radius=&#8221;none&#8221; width=&#8221;2\/3&#8243; tablet_width_inherit=&#8221;default&#8221; tablet_text_alignment=&#8221;default&#8221; phone_text_alignment=&#8221;default&#8221; overlay_strength=&#8221;0.3&#8243; column_border_width=&#8221;none&#8221; column_border_style=&#8221;solid&#8221; bg_image_animation=&#8221;none&#8221;][vc_column_text]\r\n<h3 class=\"wp-block-heading\"><span style=\"font-family: paciencia-bd;\">Azienda Vitivinicola &#8220;CASA di GRAZIA&#8221;<\/span><br \/><span style=\"font-family: paciencia-bd;\">INFORMATIVA AL TRATTAMENTO DEI DATI PERSONALI<\/span><\/h3>\r\n\r\n<p>I dati personali dell&#8217;utente sono utilizzati da AZIENDA VITIVINICOLA &#8220;CASA DI GRAZIA&#8221; di Di Francesco Maria Grazia Ditta Individuale, che ne \u00e8 titolare per il trattamento, nel rispetto dei principi di protezione dei dati personali stabiliti dal Regolamento GDPR 2016\/679.<\/p>\r\n<p>\u00a0<\/p>\r\n\r\n<h3 class=\"wp-block-heading\"><span style=\"font-family: paciencia-bd;\">BASE GIURIDICA<\/span><\/h3>\r\n\r\n<p>Il conferimento dei dati \u00e8 obbligatorio per tutto quanto \u00e8 richiesto dagli obblighi legali e contrattuali e pertanto l&#8217;eventuale rifiuto a fornirli in tutto o in parte pu\u00f2 dar luogo all&#8217;impossibilit\u00e0 di fornire i servizi richiesti. La<br \/>societ\u00e0 tratta i dati facoltativi degli utenti in base al consenso, ossia mediante l\u2019approvazione esplicita della presente policy privacy e in relazione alle modalit\u00e0 e finalit\u00e0 di seguito descritte.<\/p>\r\n\r\n<p>\u00a0<\/p>\r\n\r\n<h3 class=\"wp-block-heading\"><span style=\"font-family: paciencia-bd;\">PERIODO DI CONSERVAZIONE<\/span><\/h3>\r\n\r\n<p>I dati obbligatori ai fini contrattuali e contabili sono conservati per il tempo necessario allo svolgimento del rapporto commerciale e contabile.<br \/>I dati di chi non acquista o usufruisce di prodotti\/servizi, pur avendo avuto un precedente contatto con dei rappresentanti dell\u2019azienda, saranno immediatamente cancellati o trattati in forma anonima, ove la loro conservazione non risulti altrimenti giustificata, salvo che sia stato acquisito validamente il consenso informato degli interessati relativo ad una successiva attivit\u00e0 di promozione commerciale o ricerca di mercato.<\/p>\r\n\r\n<p>Il periodo di conservazione dei dati \u00e8 quello imposto dagli obblighi di legge<\/p>\r\n<p>\u00a0<\/p>\r\n\r\n<h3 class=\"wp-block-heading\"><span style=\"font-family: paciencia-bd;\">DIRITTI DELL\u2019INTERESSATO<\/span><\/h3>\r\n\r\n<p>Ai sensi del Regolamento europeo 679\/2016 (GDPR) e della normativa nazionale, l&#8217;interessato pu\u00f2, secondo le modalit\u00e0 e nei limiti previsti dalla vigente normativa, esercitare i seguenti diritti:<\/p>\r\n<p>\u00a0<\/p>\r\n\r\n<ul>\r\n<li>richiedere la conferma dell&#8217;esistenza di dati personali che lo riguardano (diritto di accesso);<\/li>\r\n<li>conoscerne l&#8217;origine;<\/li>\r\n<li>riceverne comunicazione intelligibile;<\/li>\r\n<li>avere informazioni circa la logica, le modalit\u00e0 e le finalit\u00e0 del trattamento;<\/li>\r\n<li>richiederne l&#8217;aggiornamento, la rettifica, l&#8217;integrazione, la cancellazione, la trasformazione in forma anonima,<\/li>\r\n<li>il blocco dei dati trattati in violazione di legge, ivi compresi quelli non pi\u00f9 necessari al perseguimento degli<\/li>\r\n<li>scopi per i quali sono stati raccolti;<\/li>\r\n<li>nei casi di trattamento basato su consenso, ricevere i propri dati forniti al titolare, in forma strutturata e<\/li>\r\n<li>leggibile da un elaboratore di dati e in un formato comunemente usato da un dispositivo elettronico;<\/li>\r\n<li>il diritto di presentare un reclamo all\u2019Autorit\u00e0 di controllo.<\/li>\r\n<\/ul>\r\n\r\n<p>Titolare del trattamento dei Suoi dati personali \u00e8:<\/p>\r\n\r\n<p><strong>AZIENDA VITIVINICOLA &#8220;CASA DI GRAZIA&#8221; di Di Francesco Maria Grazia Ditta Individuale.<\/strong><\/p>\r\n\r\n<p>P.IVA: IT01387230855<br \/>C.F. DFRMGR59R71D960C<br \/>Email: <a href=\"mailto:info@casagrazia.com\">info@casagrazia.com<\/a><br \/>PEC: <a href=\"mailto:casadigrazia@pec.it\" target=\"_blank\" rel=\"noreferrer noopener\">casadigrazia@pec.it<\/a><\/p>\r\n<p>\u00a0<\/p>\r\n\r\n<h3 class=\"wp-block-heading\"><span style=\"font-family: paciencia-bd;\">INFORMAZIONI SUI COOKIES<\/span><\/h3>\r\n\r\n<p><strong>Cosa sono i cookies<\/strong><\/p>\r\n\r\n<p>Un &#8220;cookie&#8221; \u00e8 un file di testo salvato nel computer dell&#8217;utente nel momento in cui questo accede ad un sito web con lo scopo di fornire informazioni ogni volta che l&#8217;utente ritorna sullo stesso sito. E&#8217; una sorta di promemoria della pagina internet visitata. Con il cookie, il server web invia informazioni al browser dell&#8217;utente (Internet Explorer, Mozilla Firefox, Google Chrome, ecc.) memorizzate sul computer di quest&#8217;ultimo, e saranno rilette ed aggiornate ogni qual volta l&#8217;utente ritorner\u00e0 sul sito. In questo modo il sito Web pu\u00f2 adattarsi automaticamente all&#8217;utente. Nel corso della navigazione l&#8217;utente potrebbe ricevere sul suo terminale anche cookie di siti diversi (cookies di &#8220;terze parti&#8221;), impostati direttamente da gestori di detti siti web e utilizzati per le finalit\u00e0 e secondo le modalit\u00e0 da questi definiti. In<br \/>funzione della loro durata, si distinguono in cookie di sessione (ossia quelli temporanei e cancellati automaticamente dal terminale al termine della sessione di navigazione, chiudendo il browser) ed in cookie persistenti (ossia quelli che restano memorizzati sul terminale fino alla loro scadenza o cancellazione da parte dell&#8217;utente). In base alla funzione e alla finalit\u00e0 di utilizzo, i cookie possono suddividersi in cookie tecnici e cookie di profilazione.<\/p>\r\n\r\n<p><strong>Cookie tecnici<\/strong><\/p>\r\n\r\n<p>Alcuni cookie sono usati per eseguire autenticazioni informatiche, monitoraggio di sessioni e memorizzazione di<br \/>informazioni specifiche sugli utenti che accedono ad una pagina web. Questi cookie, cosiddetti tecnici, sono spesso<br \/>utili per consentire di navigare in un sito web e utilizzarne tutte le funzionalit\u00e0. I cookie tecnici sono quelli il cui utilizzo<br \/>non richiede il consenso dell&#8217;utente. A questa categoria appartengono anche gli analytics cookie. Si tratta di cookie<br \/>che raccolgono informazioni circa l&#8217;utilizzo che un utente fa di un sito web e che consentono di migliorarne il<br \/>funzionamento. Ad esempio gli analytics cookie mostrano quali sono le pagine pi\u00f9 frequentemente visitate,<br \/>consentono di verificare quali sono gli schemi ricorrenti d&#8217;utilizzo di un sito web e aiutano a comprendere ogni<br \/>difficolt\u00e0 che l&#8217;utente incontra nell&#8217;utilizzo.<\/p>\r\n\r\n<p><strong>Cookie di profilazione<\/strong><\/p>\r\n\r\n<p>Altri cookie possono invece essere utilizzati per monitorare e profilare gli utenti durante la navigazione, studiare i loro<br \/>movimenti e abitudini di consultazione del web o di consumo (cosa comprano, cosa leggono, ecc.), anche allo scopo di<br \/>inviare pubblicit\u00e0 di servizi mirati e personalizzati. Si parla in questo caso di cookie di profilazione. L&#8217;utilizzo di detti<br \/>cookie necessita dell&#8217;acquisizione preventiva del libero consenso informato dell&#8217;utente ai sensi dell&#8217;art. 7 del<br \/>Regolamento UE 2016\/679.<\/p>\r\n\r\n<p><strong>Cookie di terze parti<\/strong><\/p>\r\n\r\n<p>Pu\u00f2 accadere anche che una pagina web contenga cookie provenienti da altri siti e contenuti in vari elementi ospitati<br \/>sulla pagina stessa, come ad esempio banner pubblicitari, immagini, video, mappe o specifici link a pagine web di altri<br \/>domini che risiedono su server diversi da quello sul quale si trova la pagina richiesta. In altre parole, questi cookie<br \/>sono impostati direttamente da gestori di siti web o server diversi da questo sito web. Parliamo, in questi casi, dei<br \/>cosiddetti cookie terze parti, che di solito sono utilizzati a fini di profilazione. L&#8217;utilizzo di questi cookie necessita<br \/>dell&#8217;acquisizione preventiva del libero consenso informato dell&#8217;utente.<\/p>\r\n\r\n<p><strong>Tipologie di cookie utilizzati dal nostro sito<\/strong><\/p>\r\n\r\n<p>Le funzioni principali dei cookies installati da http:\/\/www.casadigrazia.com sono tecniche, vengono utilizzati per migliorare costantemente il Servizio, per l&#8217;autenticazione, per fini statistici, come il conteggio delle visite al sito.<br \/>L&#8217;utilizzo di cookies \u00e8 dunque strettamente finalizzato a facilitare le funzioni del server di durante la navigazione del Servizio.<\/p>\r\n\r\n<p>Il sito consente inoltre l&#8217;invio dei seguenti cookie di terze parti. Questi cookie non sono strumenti di nostra titolarit\u00e0, per maggiori informazioni, pertanto, \u00e8 possibile accedere all&#8217;informativa ed ai moduli di acquisizione del consenso delle terze parti, cliccando sui link riportati.<\/p>\r\n\r\n<p>Per migliorare il sito web e comprendere quali parti o elementi siano maggiormente apprezzati dagli utenti, sono utilizzati come strumento di analisi anonima e aggregata, i cookie di terza parte di Google Analytics. Questi cookie non sono strumenti di nostra titolarit\u00e0, per maggiori informazioni, pertanto, \u00e8 possibile consultare l&#8217;informativa fornita da<br \/>Google.<\/p>\r\n\r\n<p>Le pagine del sito web incorporano al loro interno alcuni widget e pulsanti di condivisione di Facebook e Google Plus, per permettere all&#8217;utente di condividere i contenuti del sito web sui propri canali social, e di interagire con i nostri canali. Questi cookie non sono strumenti di nostra titolarit\u00e0, ma sono creati rispettivamente da Facebook e Google nel momento in cui si utilizza il rispettivo widget o pulsante di condivisione. Per saperne di pi\u00f9 visitare le seguenti pagine informative: Facebook e Google.<\/p>\r\n\r\n<p>Alcune pagine web incorporano al loro interno dei contenuti video di YouTube. Visitando una pagina contenente un video, o facendo clic per visualizzare il video, potrebbero essere richiamati cookie provenienti da YouTube. Questi cookie non sono strumenti di nostra titolarit\u00e0. Per saperne di pi\u00f9 visitare la pagina informativa di Google. Il sito internet potrebbe utilizzare i programmi di Facebook ADS gestito da Facebook Inc., Google Adwords e la tecnologia Google Remarketing, gestiti da Google Inc. Anche la funzione monitoraggio delle conversioni di Facebook ADS e AdWords utilizza i cookie per aiutarci a tenere traccia delle vendite e di altre conversioni.<\/p>\r\n\r\n<p><strong>Gestione dei cookie<\/strong><\/p>\r\n\r\n<p>L&#8217;utente pu\u00f2 gestire le proprie preferenze relative ai cookie attraverso le funzionalit\u00e0 presenti nei comuni browser che consentono di cancellare\/rimuovere i cookie (tutti o alcuni) o di cambiare le impostazioni del browser stesso in modo da bloccare l&#8217;invio dei cookie o di limitarlo a siti specifici (rispetto ad altri).<\/p>\r\n\r\n<p>Pertanto \u00e8 possibile negare l&#8217;utilizzo dei cookie, seguendo la procedura di disabilitazione prevista dal proprio browser.<br \/>Di seguito si riportano le modalit\u00e0 proposte dai principali browser: Microsoft Windows Explorer, Mozilla Firefox, Google Chrome, Apple Safari, Google Analytics scaricando uno specifico plug-in del browser.<\/p>\r\n\r\n<p>Per avere informazioni sui cookie archiviati sul proprio terminale e disattivarli singolarmente si rinvia al link:<br \/><a href=\"http:\/\/www.youronlinechoices.com\/it\/le-tue-scelte\"><strong>http:\/\/www.youronlinechoices.com\/it\/le-tue-scelte<\/strong><\/a><\/p>\r\n\r\n<p>La presente privacy policy pu\u00f2 subire modifiche nel tempo \u2013 anche connesse all&#8217;eventuale entrata in vigore di nuove normative di settore, all&#8217;aggiornamento o erogazione di nuovi servizi ovvero ad intervenute innovazioni tecnologiche \u2013 per cui l&#8217;utente\/visitatore \u00e8 invitato a consultare periodicamente questa pagina: <strong><a href=\"https:\/\/casagrazia.com\">https:\/\/casagrazia.com<\/a><\/strong><\/p>\r\n\r\n<p>\u00a0<\/p>\r\n\r\n<h3 class=\"wp-block-heading\"><span style=\"font-family: paciencia-bd;\">COME POSSO CONTATTARE I TITOLARI DEL TRATTAMENTO?<\/span><\/h3>\r\n\r\n<p>Puoi contattare i Titolari per esercitare i tuoi diritti o per qualunque altra richiesta inviando un email al seguente<br \/>indirizzo di posta elettronica: <a href=\"mailto:info@casagrazia.com\">info@casagrazia.com<\/a><\/p>\r\n\r\n<p>\u00a0<\/p>\r\n\r\n<h3 class=\"wp-block-heading\"><span style=\"font-family: paciencia-bd;\">RESPONSABILE DELLA PROTEZIONE DEI DATI (DPO)<\/span><\/h3>\r\n\r\n<p>Dott.ssa ANNA LA COGNATA <br \/>e-mail: <a href=\"mailto:anna.lacognata@virgilio.it\"><strong>anna.lacognata@virgilio.it<\/strong><\/a><\/p>\r\n\r\n<p>&nbsp;<\/p>\r\n\r\n<p>&nbsp;<\/p>\r\n[\/vc_column_text][\/vc_column][vc_column column_padding=&#8221;no-extra-padding&#8221; column_padding_position=&#8221;all&#8221; background_color_opacity=&#8221;1&#8243; background_hover_color_opacity=&#8221;1&#8243; column_link_target=&#8221;_self&#8221; column_shadow=&#8221;none&#8221; column_border_radius=&#8221;none&#8221; width=&#8221;1\/6&#8243; tablet_width_inherit=&#8221;default&#8221; tablet_text_alignment=&#8221;default&#8221; phone_text_alignment=&#8221;default&#8221; overlay_strength=&#8221;0.3&#8243; column_border_width=&#8221;none&#8221; column_border_style=&#8221;solid&#8221; bg_image_animation=&#8221;none&#8221;][\/vc_column][\/vc_row]","protected":false},"excerpt":{"rendered":"<p>[vc_row type=&#8221;in_container&#8221; full_screen_row_position=&#8221;middle&#8221; column_margin=&#8221;default&#8221; scene_position=&#8221;center&#8221; text_color=&#8221;dark&#8221; text_align=&#8221;left&#8221; overlay_strength=&#8221;0.3&#8243; shape_divider_position=&#8221;bottom&#8221; bg_image_animation=&#8221;none&#8221;][vc_column column_padding=&#8221;no-extra-padding&#8221; column_padding_position=&#8221;all&#8221; background_color_opacity=&#8221;1&#8243; background_hover_color_opacity=&#8221;1&#8243; column_link_target=&#8221;_self&#8221; column_shadow=&#8221;none&#8221; column_border_radius=&#8221;none&#8221; width=&#8221;1\/6&#8243; tablet_width_inherit=&#8221;default&#8221; tablet_text_alignment=&#8221;default&#8221; phone_text_alignment=&#8221;default&#8221; overlay_strength=&#8221;0.3&#8243; column_border_width=&#8221;none&#8221; column_border_style=&#8221;solid&#8221; bg_image_animation=&#8221;none&#8221;][\/vc_column][vc_column column_padding=&#8221;no-extra-padding&#8221; column_padding_position=&#8221;all&#8221; background_color_opacity=&#8221;1&#8243; background_hover_color_opacity=&#8221;1&#8243; column_link_target=&#8221;_self&#8221;&#8230;<\/p>\n","protected":false},"author":1,"featured_media":0,"parent":0,"menu_order":0,"comment_status":"closed","ping_status":"open","template":"","meta":{"footnotes":""},"jetpack_sharing_enabled":true,"_links":{"self":[{"href":"https:\/\/casagrazia.com\/it\/wp-json\/wp\/v2\/pages\/3"}],"collection":[{"href":"https:\/\/casagrazia.com\/it\/wp-json\/wp\/v2\/pages"}],"about":[{"href":"https:\/\/casagrazia.com\/it\/wp-json\/wp\/v2\/types\/page"}],"author":[{"embeddable":true,"href":"https:\/\/casagrazia.com\/it\/wp-json\/wp\/v2\/users\/1"}],"replies":[{"embeddable":true,"href":"https:\/\/casagrazia.com\/it\/wp-json\/wp\/v2\/comments?post=3"}],"version-history":[{"count":0,"href":"https:\/\/casagrazia.com\/it\/wp-json\/wp\/v2\/pages\/3\/revisions"}],"wp:attachment":[{"href":"https:\/\/casagrazia.com\/it\/wp-json\/wp\/v2\/media?parent=3"}],"curies":[{"name":"wp","href":"https:\/\/api.w.org\/{rel}","templated":true}]}}