{"id":7106,"date":"2021-09-06T10:24:42","date_gmt":"2021-09-06T08:24:42","guid":{"rendered":"https:\/\/casagrazia.com\/?page_id=7106"},"modified":"2021-09-06T10:24:42","modified_gmt":"2021-09-06T08:24:42","slug":"termini-e-condizioni","status":"publish","type":"page","link":"https:\/\/casagrazia.com\/it\/termini-e-condizioni\/","title":{"rendered":"Termini e condizioni"},"content":{"rendered":"[vc_row type=&#8221;in_container&#8221; full_screen_row_position=&#8221;middle&#8221; column_margin=&#8221;default&#8221; scene_position=&#8221;center&#8221; text_color=&#8221;dark&#8221; text_align=&#8221;left&#8221; overlay_strength=&#8221;0.3&#8243; shape_divider_position=&#8221;bottom&#8221; bg_image_animation=&#8221;none&#8221;][vc_column column_padding=&#8221;no-extra-padding&#8221; column_padding_position=&#8221;all&#8221; background_color_opacity=&#8221;1&#8243; background_hover_color_opacity=&#8221;1&#8243; column_link_target=&#8221;_self&#8221; column_shadow=&#8221;none&#8221; column_border_radius=&#8221;none&#8221; width=&#8221;1\/6&#8243; tablet_width_inherit=&#8221;default&#8221; tablet_text_alignment=&#8221;default&#8221; phone_text_alignment=&#8221;default&#8221; overlay_strength=&#8221;0.3&#8243; column_border_width=&#8221;none&#8221; column_border_style=&#8221;solid&#8221; bg_image_animation=&#8221;none&#8221;][\/vc_column][vc_column column_padding=&#8221;no-extra-padding&#8221; column_padding_position=&#8221;all&#8221; background_color_opacity=&#8221;1&#8243; background_hover_color_opacity=&#8221;1&#8243; column_link_target=&#8221;_self&#8221; column_shadow=&#8221;none&#8221; column_border_radius=&#8221;none&#8221; width=&#8221;2\/3&#8243; tablet_width_inherit=&#8221;default&#8221; tablet_text_alignment=&#8221;default&#8221; phone_text_alignment=&#8221;default&#8221; overlay_strength=&#8221;0.3&#8243; column_border_width=&#8221;none&#8221; column_border_style=&#8221;solid&#8221; bg_image_animation=&#8221;none&#8221;][vc_column_text]\r\n<h3 class=\"wp-block-heading\"><span style=\"font-family: paciencia-bd;\">Azienda Vitivinicola &#8220;CASA di GRAZIA&#8221;<\/span><br \/><span style=\"font-family: paciencia-bd;\">TERMINI E CONDIZIONI<\/span><\/h3>\r\n<p>Il presente documento riporta i termini e le condizioni generali sulla base dei quali viene offerto agli utenti l\u2019uso del sito web <a href=\"https:\/\/casagrazia.com\">https:\/\/casagrazia.com<\/a> che offre servizi legali online.<\/p>\r\n<p><strong>Definizioni<\/strong><br \/>Per consentire una completa comprensione e accettazione dei presenti termini e condizioni, i seguenti termini, al singolare e al plurale, avranno il significato di seguito indicato:<\/p>\r\n<p><strong>Titolare:<\/strong> L\u2019AZIENDA VITIVINICOLA CASA DI GRAZIA DI DI FRANCESCO MARIA GRAZIA con sede legale in Gela (CL), via Leontini n. 9, Partita IVA: 01387230855\/ Codice Fiscale DFRMGR59R71D960C<br \/><strong>Brand:<\/strong> CASA GRAZIA<br \/><strong>Applicazione:<\/strong> il sito web <a href=\"https:\/\/casagrazia.com\">https:\/\/casagrazia.com<\/a><br \/><strong>Prodotti:<\/strong> i prodotti forniti all\u2019utente dal Titolare<br \/><strong>Utente:<\/strong> qualunque soggetto che accede e utilizza l\u2019Applicazione<br \/><strong>Utente Consumatore:<\/strong> la persona fisica maggiorenne che conclude un contratto per scopi estranei alla propria attivit\u00e0 imprenditoriale, commerciale, artigianale o professionale eventualmente svolta<br \/><strong>Utente non Consumatore:<\/strong> la persona fisica maggiorenne o persona giuridica che conclude un contratto per lo svolgimento o per esigenze della propria attivit\u00e0 imprenditoriale, commerciale, artigianale o professionale<br \/><strong>Condizioni:<\/strong> il presente contratto che disciplina i rapporti tra il Titolare e gli Utenti e la vendita o fornitura dei Prodotti offerti dal Titolare tramite l\u2019Applicazione.<\/p>\r\n<p><strong>Informazioni dettagliate sull\u2019offerta dell\u2019Applicazione<\/strong><br \/>L\u2019Applicazione fornisce agli Utenti la possibilit\u00e0 di acquistare su internet i prodotti dell\u2019 AZIENDA VITIVINICOLA CASA DI GRAZIA DI DI FRANCESCO MARIA GRAZIA<\/p>\r\n<p><strong>Ambito di applicazione delle Condizioni<\/strong><br \/>L\u2019uso dell\u2019Applicazione comporta l\u2019accettazione delle Condizioni da parte dell\u2019Utente. Qualora l\u2019Utente non intenda accettare le Condizioni e\/o qualsiasi altra nota, avviso legale, informativa pubblicati o ivi richiamati non potr\u00e0 utilizzare l\u2019Applicazione n\u00e9 i relativi servizi.<\/p>\r\n<p>Le Condizioni possono essere modificate in ogni momento.<\/p>\r\n<p>Le Condizioni applicabili sono quelle in vigore alla data di trasmissione dell\u2019ordine di acquisto o richiesta di fornitura di un Prodotto.<\/p>\r\n<p>Prima di utilizzare l\u2019Applicazione, l\u2019Utente \u00e8 tenuto a leggere attentamente le Condizioni e a salvarle o stamparle per future consultazioni.<br \/>Il Titolare si riserva il diritto di variare a propria discrezione, in qualunque momento anche successivo alla registrazione dell\u2019Utente, l\u2019interfaccia grafica dell\u2019Applicazione, i Contenuti e la loro organizzazione, nonch\u00e9 ogni altro aspetto che caratterizza la funzionalit\u00e0 e la gestione dell\u2019Applicazione, comunicando all\u2019Utente, ove occorrenti, le relative istruzioni.<\/p>\r\n<p><strong>Acquisto o richiesta di fornitura tramite l\u2019Applicazione<\/strong><br \/>Tutti i Prodotti offerti tramite l\u2019Applicazione sono descritti in maniera dettagliata nelle relative pagine prodotto (qualit\u00e0, caratteristiche, disponibilit\u00e0, prezzo, tempi di fornitura, oneri accessori, etc.). Potrebbero evidenziarsi alcuni errori, imprecisioni o piccole differenze tra quanto pubblicato sull\u2019Applicazione e il Prodotto reale. Inoltre, le eventuali immagini dei Prodotti sono solo rappresentative e non costituiscono elemento contrattuale.<\/p>\r\n<p>Gli acquisti e\/o le richieste di fornitura di uno o pi\u00f9 Prodotti tramite l\u2019Applicazione sono consentiti sia a Utenti Consumatori sia a Utenti non Consumatori.<\/p>\r\n<p>Alle persone fisiche gli acquisti e\/o le richieste di fornitura sono consentiti solo a condizione che siano maggiorenni. Per i minorenni, come stabilito dalle vigenti norme, \u00e8 vietato ogni acquisto e\/o richiesta di fornitura di Prodotti tramite l\u2019Applicazione.<\/p>\r\n<p>L\u2019offerta dei Prodotti tramite l\u2019Applicazione costituisce invito ad offrire e l\u2019ordine inviato dall\u2019Utente varr\u00e0 quale proposta contrattuale di acquisto e\/o di richiesta di fornitura, soggetta a conferma e\/o accettazione da parte del Titolare secondo quanto descritto di seguito. Pertanto, il Titolare avr\u00e0, a proprio insindacabile giudizio, il diritto di accettare o meno l\u2019ordine dell\u2019Utente senza che quest\u2019ultimo possa eccepire o lamentare alcunch\u00e9 a qualsivoglia titolo e\/o ragione.<\/p>\r\n<p>Il contratto di vendita o di fornitura dei Prodotti si intende concluso con l\u2019accettazione da parte del Titolare della proposta contrattuale dell\u2019Utente . Il Titolare accetter\u00e0 la proposta contrattuale dell\u2019Utente mediante l\u2019invio della conferma d\u2019ordine all\u2019indirizzo di posta elettronica indicato dall\u2019Utente oppure tramite la visualizzazione di una pagina web di conferma d\u2019ordine, nella quale saranno riportati la data dell\u2019ordine, i dati dell\u2019Utente, le caratteristiche e la disponibilit\u00e0 del Prodotto, il prezzo o la modalit\u00e0 di calcolo del prezzo, gli eventuali ulteriori oneri e imposte accessori, l\u2019indirizzo di consegna, le eventuali spese di spedizione, le modalit\u00e0 per esercitare il diritto di recesso o la sua eventuale esclusione e garanzia.<\/p>\r\n<p>Il contratto di vendita o fornitura dei Prodotti non si considera efficace fra le parti in difetto di quanto indicato al punto precedente.<\/p>\r\n<p>Nel caso in cui il Prodotto non fosse disponibile, il Titolare render\u00e0 noto all\u2019Utente i nuovi termini di consegna o fornitura, chiedendo se intende confermare l\u2019ordine o meno. Resta inteso che il contratto si intender\u00e0 perfezionato relativamente ai Prodotti accettati dal Titolare.<\/p>\r\n<p>L\u2019Utente si impegna a verificare la correttezza dei dati riportati nella conferma d\u2019ordine e a comunicare immediatamente al Titolare eventuali errori e provveder\u00e0 a conservare copia del proprio ordine, della relativa conferma e delle Condizioni.<\/p>\r\n<p><strong>Prezzi e pagamenti<\/strong><br \/>Per ogni Prodotto viene indicato il prezzo comprensivo di IVA.<\/p>\r\n<p>Inoltre, saranno indicate tutte le eventuali imposte e spese aggiuntive. Qualora tali voci di spesa non possano ragionevolmente essere calcolate in anticipo, vi sar\u00e0 l\u2019indicazione di quali spese saranno addebitate all\u2019Utente.<\/p>\r\n<p>Il Titolare si riserva la facolt\u00e0 di modificare, in qualsiasi momento, il prezzo dei Prodotti e tutti gli eventuali costi aggiuntivi. Resta inteso che le eventuali modifiche di prezzo non pregiudicheranno in alcun caso i contratti gi\u00e0 conclusi prima della modifica.<\/p>\r\n<p>L\u2019Utente si impegna a pagare il prezzo del Prodotto nei tempi e modi indicati nell\u2019Applicazione e a comunicare tutti i dati necessari eventualmente richiesti.<\/p>\r\n<p>L\u2019Applicazione utilizza strumenti terzi per l\u2019elaborazione dei pagamenti e non entra in alcun modo in contatto con i dati di pagamento forniti (numero delle carte di credito, nome del titolare, password, etc.).<\/p>\r\n<p>Qualora tali strumenti terzi dovessero negare l\u2019autorizzazione al pagamento, il Titolare non potr\u00e0 fornire i Prodotti e non potr\u00e0 essere considerato in alcun modo responsabile.<\/p>\r\n<p><strong>Fatturazione<\/strong><br \/>All\u2019Utente che desideri ricevere la fattura saranno richiesti i dati per la fatturazione prima del pagamento. Per l\u2019emissione della fattura faranno fede le informazioni fornite dall\u2019Utente, che dichiara e garantisce essere rispondenti al vero, rilasciando al Titolare ogni pi\u00f9 ampia manleva al riguardo.<\/p>\r\n<p><strong>Modalit\u00e0 di fornitura di Prodotti<\/strong><br \/>Il Titolare provveder\u00e0 a fornire i Prodotti all\u2019Utente, con le modalit\u00e0 e nel termine indicati sull\u2019Applicazione e riportati nella conferma d\u2019ordine.<br \/>Nel caso in cui non sia possibile fornire i Prodotti, ne verr\u00e0 dato tempestivo avviso tramite e-mail all\u2019Utente, con l\u2019indicazione dei termini entro i quali si prevede di poterli fornire e\/o delle ragioni che rendono la fornitura impossibile.<\/p>\r\n<p>Qualora l\u2019Utente non intenda accettare il nuovo termine o la fornitura sia divenuta impossibile, potr\u00e0 chiedere il rimborso di quanto pagato, che verr\u00e0 accreditato tempestivamente nelle stesse modalit\u00e0 di pagamento utilizzate dall\u2019Utente per l\u2019acquisto al massimo entro 14 giorni dalla data in cui il Titolare \u00e8 venuto a conoscenza della richiesta di rimborso.<\/p>\r\n<p>All\u2019atto del ricevimento del Prodotto, l\u2019utente \u00e8 tenuto a verificarne la conformit\u00e0 con l\u2019ordine effettuato nonch\u00e9 l\u2019integrit\u00e0 dell\u2019imballaggio. Nel caso in cui risultino danni evidenti all\u2019imballaggio e\/o al Prodotto, l\u2019Utente pu\u00f2 rifiutare la consegna del Prodotto e potr\u00e0 restituirlo senza alcuna spesa a suo carico. Una volta firmato il documento di consegna, l\u2019Utente non potr\u00e0 opporre alcuna contestazione circa le caratteristiche esteriori dei Prodotti consegnati.<\/p>\r\n<p>Il Titolare non sar\u00e0 responsabile nei confronti di alcuna parte o di terzi in merito a danni, perdite e costi subiti a seguito della mancata esecuzione del contratto dovuta a forza maggiore.<\/p>\r\n<p><strong>Esclusione del diritto di recesso di Utenti non Consumatori<\/strong><br \/>All\u2019Utente non Consumatore non \u00e8 riconosciuto il diritto di recesso dal contratto di vendita o fornitura dei Prodotti. L\u2019Utente riconosce espressamente che l\u2019indicazione dell\u2019ordine di un numero di partita IVA lo qualifica automaticamente come Utente non Consumatore, per il quale non \u00e8 previsto diritto di recesso.<\/p>\r\n<p><strong>Esclusione del diritto di recesso di Utenti Consumatori<\/strong><br \/>Il diritto di recesso dal contratto di vendita o di fornitura dei prodotti da parte dell\u2019utente consumatore \u00e8 escluso relativamente:<\/p>\r\n<ul>\r\n<li>Alla fornitura di prodotti che rischiano di deteriorarsi o scadere rapidamente. Rientrano in questa categoria tutti i prodotti alimentari (incluse le bevande) eventualmente venduti, in quanto le caratteristiche e la qualit\u00e0 di tali prodotti sono soggetti ad alterazione anche in conseguenza di una conservazione non appropriata. Nei casi di esclusione del diritto di recesso, il Titolare provveder\u00e0 a restituire all\u2019utente i prodotti acquistati, addebitandogli le spese di spedizione.<\/li>\r\n<\/ul>\r\n<p>Per maggiori chiarimenti contattare il Titolare all\u2019indirizzo mai <a href=\"mailto:info@casagrazia.com\">info@casagrazia.com<\/a><\/p>\r\n<p><strong>Garanzia<\/strong><br \/>L\u2019Utente che acquista in qualit\u00e0 di consumatore ha il diritto di garanzia sui prodotti e servizi acquistati nei limiti di 24 mesi dall\u2019acquisto e alle condizioni stabilite dalla legge, a condizione che sia data comunicazione al Titolare dei vizi riscontrati, con le stesse modalit\u00e0 previste per il recesso, entro 2 mesi dalla loro scoperta.<\/p>\r\n<p><strong>Limitazione della Responsabilit\u00e0<\/strong><br \/>Il Titolare non potr\u00e0 ritenersi responsabile verso l\u2019Utente, salvo il caso di dolo o colpa grave, per disservizi o malfunzionamenti connessi all\u2019utilizzo della rete internet al di fuori del controllo proprio o di suoi fornitori.<\/p>\r\n<p>Il Titolare non sar\u00e0 inoltre responsabile in merito a danni, perdite e costi subiti dall\u2019Utente a seguito della mancata esecuzione del contratto per cause a lui non imputabili, avendo l\u2019Utente diritto soltanto alla eventuale restituzione integrale del prezzo corrisposto e degli eventuali oneri accessori sostenuti.<\/p>\r\n<p>Il Titolare non assume alcuna responsabilit\u00e0 per l\u2019eventuale uso fraudolento e illecito che possa essere fatto da parte di terzi delle carte di credito, assegni e altri mezzi di pagamento, all\u2019atto del pagamento, qualora dimostri di aver adottato tutte le cautele possibili in base alla scienza ed esperienza del momento e in base alla ordinaria diligenza.<\/p>\r\n<p>Il Titolare non sar\u00e0 responsabile per:<\/p>\r\n<ul>\r\n<li>eventuali perdite di opportunit\u00e0 commerciale e qualsiasi altra perdita, anche indiretta, eventualmente subita dall\u2019Utente che non siano conseguenza diretta della violazione del contratto da parte del Titolare<\/li>\r\n<li>errato o inidoneo utilizzo dell\u2019Applicazione da parte degli Utenti o di terzi<\/li>\r\n<li>l\u2019emissione di documenti o dati fiscali errati a causa di errori relativi ai dati forniti dall\u2019Utente, essendo quest\u2019ultimo l\u2019unico responsabile del corretto inserimento<\/li>\r\n<\/ul>\r\n<p>In nessun caso il Titolare potr\u00e0 essere ritenuto responsabile per una somma superiore al doppio del costo pagato dall\u2019Utente.<\/p>\r\n<p><strong>Forza maggiore<\/strong><br \/>Il Titolare non potr\u00e0 essere considerato responsabile per il mancato o ritardato adempimento delle proprie obbligazioni, per circostanze al di fuori del controllo ragionevole del Titolare dovuti ad eventi di forza maggiore o, comunque, ad eventi imprevisti ed imprevedibili e, comunque, indipendenti dalla sua volont\u00e0.<\/p>\r\n<p>L\u2019adempimento delle obbligazioni da parte del Titolare si intender\u00e0 sospeso per il periodo in cui si verificano eventi di forza maggiore.<\/p>\r\n<p>Il Titolare compir\u00e0 qualsiasi atto in suo potere al fine di individuare soluzioni che consentano il corretto adempimento delle proprie obbligazioni nonostante la persistenza di eventi forza maggiore.<\/p>\r\n<p><strong>Collegamento a siti di terzi<\/strong><br \/>L\u2019Applicazione potrebbe contenere collegamenti a siti\/applicazioni di terzi. Il Titolare non esercita alcun controllo su di essi e, pertanto, non \u00e8 in alcun modo responsabile per i contenuti di questi siti\/applicazioni.<\/p>\r\n<p>Alcuni di questi collegamenti potrebbero rinviare a siti\/applicazioni di terzi che forniscono servizi attraverso l\u2019Applicazione. In questi casi, ai singoli servizi si applicheranno le condizioni generali per l\u2019uso del sito\/applicazione e per la fruizione del servizio predisposte dai terzi, rispetto alle quali il Titolare non assume alcuna responsabilit\u00e0.<\/p>\r\n<p><strong>Privacy<\/strong><br \/>La tutela e il trattamento dei dati personali avverranno in conformit\u00e0 all\u2019Informativa Privacy, che pu\u00f2 essere consultata alla pagina <a href=\"https:\/\/casagrazia.com\/it\/privacy-policy\/\">https:\/\/casagrazia.com\/it\/privacy-policy\/<\/a><\/p>\r\n<p><strong>Legge applicabile e foro competente<\/strong><br \/>Le Condizioni sono soggette alla legge italiana.<\/p>\r\n<p>Per gli Utenti Consumatori ogni controversia relativa all\u2019applicazione, esecuzione e interpretazione delle presenti Condizioni sar\u00e0 devoluta al foro del luogo in cui l\u2019Utente Consumatore risiede o ha eletto domicilio, se ubicati nel territorio dello Stato Italiano, salva la facolt\u00e0 per l\u2019Utente Consumatore di adire un giudice diverso da quello del \u201dforo del consumatore\u201d ex art. 66 bis del Codice del Consumo, competente per territorio secondo uno dei criteri di cui agli artt. 18, 19 e 20 del codice processuale civile.<\/p>\r\n<p>\u00c8 fatta salva l\u2019applicazione agli Utenti Consumatori che non abbiano la loro residenza abituale in Italia delle disposizioni eventualmente pi\u00f9 favorevoli e inderogabili previste dalla legge del paese in cui essi hanno la loro residenza abituale, in particolare in relazione al termine per l\u2019esercizio del diritto di recesso, al termine per la restituzione dei Prodotti, in caso di esercizio di tale diritto, alle modalit\u00e0 e formalit\u00e0 della comunicazione del medesimo.<\/p>\r\n<p>Per gli Utenti non Consumatori, ogni controversia relativa all\u2019applicazione, esecuzione e interpretazione delle presenti Condizioni sar\u00e0 devoluta al foro del luogo in cui ha sede il Titolare.<\/p>\r\n<p><strong>Risoluzione delle controversie online per Utenti Consumatori<\/strong><br \/>L\u2019Utente Consumatore residente in Europa deve essere a conoscenza del fatto che la Commissione Europea ha istituito una piattaforma online che fornisce uno strumento di risoluzione alternativa delle controversie. Tale strumento pu\u00f2 essere utilizzato dall\u2019Utente Consumatore per risolvere in via non giudiziale ogni controversia relativa a e\/o derivante da contratti di vendita di beni e fornitura di servizi stipulati in rete. Di conseguenza, l\u2019Utente Consumatore pu\u00f2 usare tale piattaforma per la risoluzione di ogni disputa nascente dal contratto stipulato online. La piattaforma \u00e8 disponibile al seguente indirizzo: <a href=\"https:\/\/ec.europa.eu\/consumers\/odr\/\">https:\/\/ec.europa.eu\/consumers\/odr\/<\/a><\/p>\r\n[\/vc_column_text][\/vc_column][vc_column column_padding=&#8221;no-extra-padding&#8221; column_padding_position=&#8221;all&#8221; background_color_opacity=&#8221;1&#8243; background_hover_color_opacity=&#8221;1&#8243; column_link_target=&#8221;_self&#8221; column_shadow=&#8221;none&#8221; column_border_radius=&#8221;none&#8221; width=&#8221;1\/6&#8243; tablet_width_inherit=&#8221;default&#8221; tablet_text_alignment=&#8221;default&#8221; phone_text_alignment=&#8221;default&#8221; overlay_strength=&#8221;0.3&#8243; column_border_width=&#8221;none&#8221; column_border_style=&#8221;solid&#8221; bg_image_animation=&#8221;none&#8221;][\/vc_column][\/vc_row]","protected":false},"excerpt":{"rendered":"<p>[vc_row type=&#8221;in_container&#8221; full_screen_row_position=&#8221;middle&#8221; column_margin=&#8221;default&#8221; scene_position=&#8221;center&#8221; text_color=&#8221;dark&#8221; text_align=&#8221;left&#8221; overlay_strength=&#8221;0.3&#8243; shape_divider_position=&#8221;bottom&#8221; bg_image_animation=&#8221;none&#8221;][vc_column column_padding=&#8221;no-extra-padding&#8221; column_padding_position=&#8221;all&#8221; background_color_opacity=&#8221;1&#8243; background_hover_color_opacity=&#8221;1&#8243; column_link_target=&#8221;_self&#8221; column_shadow=&#8221;none&#8221; column_border_radius=&#8221;none&#8221; width=&#8221;1\/6&#8243; tablet_width_inherit=&#8221;default&#8221; tablet_text_alignment=&#8221;default&#8221; phone_text_alignment=&#8221;default&#8221; overlay_strength=&#8221;0.3&#8243; column_border_width=&#8221;none&#8221; column_border_style=&#8221;solid&#8221; bg_image_animation=&#8221;none&#8221;][\/vc_column][vc_column column_padding=&#8221;no-extra-padding&#8221; column_padding_position=&#8221;all&#8221; background_color_opacity=&#8221;1&#8243; background_hover_color_opacity=&#8221;1&#8243; column_link_target=&#8221;_self&#8221;&#8230;<\/p>\n","protected":false},"author":1,"featured_media":0,"parent":0,"menu_order":0,"comment_status":"closed","ping_status":"open","template":"","meta":{"footnotes":""},"jetpack_sharing_enabled":true,"_links":{"self":[{"href":"https:\/\/casagrazia.com\/it\/wp-json\/wp\/v2\/pages\/7106"}],"collection":[{"href":"https:\/\/casagrazia.com\/it\/wp-json\/wp\/v2\/pages"}],"about":[{"href":"https:\/\/casagrazia.com\/it\/wp-json\/wp\/v2\/types\/page"}],"author":[{"embeddable":true,"href":"https:\/\/casagrazia.com\/it\/wp-json\/wp\/v2\/users\/1"}],"replies":[{"embeddable":true,"href":"https:\/\/casagrazia.com\/it\/wp-json\/wp\/v2\/comments?post=7106"}],"version-history":[{"count":1,"href":"https:\/\/casagrazia.com\/it\/wp-json\/wp\/v2\/pages\/7106\/revisions"}],"predecessor-version":[{"id":7107,"href":"https:\/\/casagrazia.com\/it\/wp-json\/wp\/v2\/pages\/7106\/revisions\/7107"}],"wp:attachment":[{"href":"https:\/\/casagrazia.com\/it\/wp-json\/wp\/v2\/media?parent=7106"}],"curies":[{"name":"wp","href":"https:\/\/api.w.org\/{rel}","templated":true}]}}