{"id":6960,"date":"2024-03-21T19:21:40","date_gmt":"2024-03-21T18:21:40","guid":{"rendered":"https:\/\/casagrazia.com\/?post_type=product&#038;p=6960"},"modified":"2026-02-19T10:49:58","modified_gmt":"2026-02-19T09:49:58","slug":"adore","status":"publish","type":"product","link":"https:\/\/casagrazia.com\/it\/shop\/adore\/","title":{"rendered":"ADOR\u00c8"},"content":{"rendered":"<p>Nel nome la sintesi di terra dorata e dune di mare, Ador\u00e8 esprime al calice una grande luminosit\u00e0, calda ed intensa, specchio di una terra aperta e soleggiata.<\/p>\n<p>Vino di equilibrata eleganza, si caratterizza per la grande aromaticit\u00e0 dell\u2019uva Moscato che ben si bilancia con i sentori della citronella e del gelsomino, conferendo una piacevole fragranza gustativa. Sul finale si rivela leggermente minerale mentre la sapidit\u00e0, generoso dono del Biviere, disegna un profilo inconfondibile e identitario.<\/p>\n","protected":false},"excerpt":{"rendered":"<p><strong>Classificazione:<\/strong><br \/>\nSicilia DOC<\/p>\n<p><strong>Variet\u00e0:<\/strong><br \/>\nMoscato bianco 100%<\/p>\n<p><strong>Zona di produzione:<\/strong><br \/>\nRiserva naturale del Lago Biviere<\/p>\n<p><strong>Annata:<\/strong><br \/>\n2024<\/p>\n<p><strong>Grado alcolico:<\/strong><br \/>\n12.5%<\/p>\n<p><img loading=\"lazy\" decoding=\"async\" class=\"alignnone wp-image-7075\" src=\"https:\/\/casagrazia.com\/wp-content\/uploads\/2020\/10\/bio-300x200.png\" alt=\"\" width=\"102\" height=\"68\" srcset=\"https:\/\/casagrazia.com\/wp-content\/uploads\/2020\/10\/bio-300x200.png 300w, https:\/\/casagrazia.com\/wp-content\/uploads\/2020\/10\/bio-400x269.png 400w, https:\/\/casagrazia.com\/wp-content\/uploads\/2020\/10\/bio.png 580w\" sizes=\"(max-width: 102px) 100vw, 102px\" \/><br \/>\n<span style=\"font-size: 8pt;\">CERTIFICAZIONE BIO<\/span><\/p>\n","protected":false},"featured_media":8623,"template":"","meta":[],"product_cat":[147,107,134],"product_tag":[],"jetpack_sharing_enabled":true,"_links":{"self":[{"href":"https:\/\/casagrazia.com\/it\/wp-json\/wp\/v2\/product\/6960"}],"collection":[{"href":"https:\/\/casagrazia.com\/it\/wp-json\/wp\/v2\/product"}],"about":[{"href":"https:\/\/casagrazia.com\/it\/wp-json\/wp\/v2\/types\/product"}],"wp:featuredmedia":[{"embeddable":true,"href":"https:\/\/casagrazia.com\/it\/wp-json\/wp\/v2\/media\/8623"}],"wp:attachment":[{"href":"https:\/\/casagrazia.com\/it\/wp-json\/wp\/v2\/media?parent=6960"}],"wp:term":[{"taxonomy":"product_cat","embeddable":true,"href":"https:\/\/casagrazia.com\/it\/wp-json\/wp\/v2\/product_cat?post=6960"},{"taxonomy":"product_tag","embeddable":true,"href":"https:\/\/casagrazia.com\/it\/wp-json\/wp\/v2\/product_tag?post=6960"}],"curies":[{"name":"wp","href":"https:\/\/api.w.org\/{rel}","templated":true}]}}