{"id":8418,"date":"2024-03-12T16:55:03","date_gmt":"2024-03-12T15:55:03","guid":{"rendered":"https:\/\/casagrazia.com\/?post_type=product&#038;p=8418"},"modified":"2026-02-19T11:26:09","modified_gmt":"2026-02-19T10:26:09","slug":"tra-dune-bianco-2","status":"publish","type":"product","link":"https:\/\/casagrazia.com\/it\/shop\/tra-dune-bianco-2\/","title":{"rendered":"TRA DUNE BIANCO"},"content":{"rendered":"<div class=\"column-bg-overlay-wrap\" data-bg-animation=\"none\">\n<div class=\"column-bg-overlay\">\n<p>Tra Dune \u00e8 il racconto dell\u2019esclusiva bellezza di un paesaggio racchiuso attorno al Lago Biviere, luogo in cui la natura incontra dune sabbiose, vegetazioni floride e rare specie che la popolano.<\/p>\n<p>Tra Dune bianco, blend di uve a bacca bianca, \u00e8 un vino elegante ed armonico. Caratterizzato da piacevoli note floreali e fruttate, \u00e8 accompagnato dalla freschezza e dalla sapidit\u00e0 che caratterizza i nostri vini.<\/p>\n<\/div>\n<\/div>\n","protected":false},"excerpt":{"rendered":"<p><strong>Classificazione:<\/strong><br \/>\nTerre Siciliane IGT<\/p>\n<p><strong>Variet\u00e0:<\/strong><br \/>\nBlend di uve bianche autoctone ed internazionali<\/p>\n<p><strong>Zona di produzione:<\/strong><br \/>\nRiserva Naturale del Lago Biviere e Contrada Passo di Piazza<\/p>\n<p><strong>Annata:<\/strong><br \/>\n2025<\/p>\n<p><strong>Grado alcolico:<\/strong><br \/>\n12%<\/p>\n<p><img loading=\"lazy\" decoding=\"async\" class=\"alignnone wp-image-7075\" src=\"https:\/\/casagrazia.com\/wp-content\/uploads\/2020\/10\/bio-300x200.png\" alt=\"\" width=\"102\" height=\"68\" srcset=\"https:\/\/casagrazia.com\/wp-content\/uploads\/2020\/10\/bio-300x200.png 300w, https:\/\/casagrazia.com\/wp-content\/uploads\/2020\/10\/bio-400x269.png 400w, https:\/\/casagrazia.com\/wp-content\/uploads\/2020\/10\/bio.png 580w\" sizes=\"(max-width: 102px) 100vw, 102px\" \/><br \/>\n<span style=\"font-size: 8pt;\">CERTIFICAZIONE BIO<\/span><\/p>\n","protected":false},"featured_media":8468,"template":"","meta":[],"product_cat":[148,107,134],"product_tag":[],"jetpack_sharing_enabled":true,"_links":{"self":[{"href":"https:\/\/casagrazia.com\/it\/wp-json\/wp\/v2\/product\/8418"}],"collection":[{"href":"https:\/\/casagrazia.com\/it\/wp-json\/wp\/v2\/product"}],"about":[{"href":"https:\/\/casagrazia.com\/it\/wp-json\/wp\/v2\/types\/product"}],"wp:featuredmedia":[{"embeddable":true,"href":"https:\/\/casagrazia.com\/it\/wp-json\/wp\/v2\/media\/8468"}],"wp:attachment":[{"href":"https:\/\/casagrazia.com\/it\/wp-json\/wp\/v2\/media?parent=8418"}],"wp:term":[{"taxonomy":"product_cat","embeddable":true,"href":"https:\/\/casagrazia.com\/it\/wp-json\/wp\/v2\/product_cat?post=8418"},{"taxonomy":"product_tag","embeddable":true,"href":"https:\/\/casagrazia.com\/it\/wp-json\/wp\/v2\/product_tag?post=8418"}],"curies":[{"name":"wp","href":"https:\/\/api.w.org\/{rel}","templated":true}]}}